{"id":8,"date":"2014-06-04T15:13:55","date_gmt":"2014-06-04T15:13:55","guid":{"rendered":"https:\/\/loseno.de\/?page_id=8"},"modified":"2014-07-02T18:46:14","modified_gmt":"2014-07-02T18:46:14","slug":"foerderverein-loseno-e-v","status":"publish","type":"page","link":"https:\/\/loseno.de\/?page_id=8","title":{"rendered":"F\u00f6rderverein Loseno e.V."},"content":{"rendered":"<p>Der Verein \u201eLOSENO-das Leben&#8220; \u00a0wurde in Au am Rhein im B\u00fcrgersaal des Rathauses am 20. Januar 2014 gegr\u00fcndet.<\/p>\n<p>Zweck des Vereins ist die F\u00f6rderung des Gesundheitswesens, der Bildung und Ausbildung der Jugend und der Landwirtschaftsituation schwerpunktm\u00e4\u00dfig in der Gemeinde LODJA, in der Di\u00f6zese TSHUMPE, Demokratische Republik KONGO.<\/p>\n<p>Bei der Gr\u00fcndungsversammlung wurde folgender Vorstand gew\u00e4hlt:<\/p>\n<ul>\n<li>1.Vorsitzender: Herr Konrad Schindele<\/li>\n<li>2. Vorsitzender: Herr Klaus Martin<\/li>\n<li>Schatzmeister: Frau Claudia Busch<\/li>\n<li>Schriftf\u00fchrer: Herr Rainer Schorpp<\/li>\n<li>Beisitzer: Frau Elisabeth Sch\u00e4tzle<\/li>\n<li>Beisitzer: Frau Maria Abert<\/li>\n<li>Kassenpr\u00fcfer: Frau Ingrid Kopka<\/li>\n<li>Kassenpr\u00fcfer: Herr Paul Schick<\/li>\n<\/ul>\n<p><a title=\"Satzung\" href=\"https:\/\/loseno.de\/?page_id=44\"><strong>\u00a0Es folgt die Satzung.<\/strong><\/a><\/p>\n<p>Hier die Beitrittserkl\u00e4rung zum Herunterladen und Ausf\u00fcllen:\u00a0<a href=\"https:\/\/loseno.de\/wp-content\/uploads\/2014\/07\/Beitrittserkl\u00e4rung-mit-SEPA-11.04.14.docx\">Beitrittserkl\u00e4rung mit SEPA 11.04.14<\/a><\/p>\n","protected":false},"excerpt":{"rendered":"<p>Der Verein \u201eLOSENO-das Leben&#8220; \u00a0wurde in Au am Rhein im B\u00fcrgersaal des Rathauses am 20. Januar 2014 gegr\u00fcndet. Zweck des Vereins ist die F\u00f6rderung des Gesundheitswesens, der Bildung und Ausbildung der Jugend und der Landwirtschaftsituation schwerpunktm\u00e4\u00dfig in der Gemeinde LODJA, in der Di\u00f6zese TSHUMPE, Demokratische Republik KONGO. Bei der Gr\u00fcndungsversammlung wurde folgender Vorstand gew\u00e4hlt: 1.Vorsitzender: Herr Konrad Schindele 2. Vorsitzender: Herr Klaus Martin Schatzmeister: Frau Claudia Busch Schriftf\u00fchrer: Herr Rainer Schorpp Beisitzer: Frau Elisabeth Sch\u00e4tzle Beisitzer: Frau Maria Abert Kassenpr\u00fcfer: Frau Ingrid Kopka Kassenpr\u00fcfer: Herr Paul Schick \u00a0Es folgt die Satzung. Hier die Beitrittserkl\u00e4rung zum Herunterladen und Ausf\u00fcllen:\u00a0Beitrittserkl\u00e4rung mit SEPA 11.04.14<\/p>\n","protected":false},"author":7,"featured_media":0,"parent":0,"menu_order":0,"comment_status":"open","ping_status":"open","template":"","meta":{"footnotes":""},"_links":{"self":[{"href":"https:\/\/loseno.de\/index.php?rest_route=\/wp\/v2\/pages\/8"}],"collection":[{"href":"https:\/\/loseno.de\/index.php?rest_route=\/wp\/v2\/pages"}],"about":[{"href":"https:\/\/loseno.de\/index.php?rest_route=\/wp\/v2\/types\/page"}],"author":[{"embeddable":true,"href":"https:\/\/loseno.de\/index.php?rest_route=\/wp\/v2\/users\/7"}],"replies":[{"embeddable":true,"href":"https:\/\/loseno.de\/index.php?rest_route=%2Fwp%2Fv2%2Fcomments&post=8"}],"version-history":[{"count":9,"href":"https:\/\/loseno.de\/index.php?rest_route=\/wp\/v2\/pages\/8\/revisions"}],"predecessor-version":[{"id":51,"href":"https:\/\/loseno.de\/index.php?rest_route=\/wp\/v2\/pages\/8\/revisions\/51"}],"wp:attachment":[{"href":"https:\/\/loseno.de\/index.php?rest_route=%2Fwp%2Fv2%2Fmedia&parent=8"}],"curies":[{"name":"wp","href":"https:\/\/api.w.org\/{rel}","templated":true}]}}